{"id":20098,"date":"2023-05-04T05:14:35","date_gmt":"2023-05-04T08:14:35","guid":{"rendered":"http:\/\/www.muricionline.com.br\/novo\/?page_id=20098"},"modified":"2023-05-04T05:14:35","modified_gmt":"2023-05-04T08:14:35","slug":"prefeitura-realiza-2a-feira-literaria-de-santana-do-ipanema-envolve-populacao-e-fortalece-a-literatura","status":"publish","type":"page","link":"http:\/\/www.muricionline.com.br\/novo\/?page_id=20098","title":{"rendered":"Prefeitura realiza 2\u00aa Feira Liter\u00e1ria de Santana do Ipanema, envolve popula\u00e7\u00e3o e fortalece a literatura"},"content":{"rendered":"<p>A Prefeitura de Santana do Ipanema, por meio da Secretaria de Educa\u00e7\u00e3o, realizou a 2\u00aa Feira Liter\u00e1ria de Santana do Ipanema (FELISE). O evento aconteceu na quinta (27) e sexta-feira (28), na Pra\u00e7a Dr. Adelson Isaac de Miranda e contou com exposi\u00e7\u00f5es, lan\u00e7amento de livro e apresenta\u00e7\u00f5es.<\/p>\n<p>A abertura da 2\u00aa FELISE contou com apresenta\u00e7\u00e3o da Orquestra Dr. Isnaldo Bulh\u00f5es. Em seguida teve o lan\u00e7amento do livro \u201cCenten\u00e1rio de Santana do Ipanema em poesia\u201d. Pe\u00e7a que re\u00fane as produ\u00e7\u00f5es liter\u00e1rias dos alunos e santanenses inscritos no I Concurso Municipal de Poesias, realizado em comemora\u00e7\u00e3o ao nosso Centen\u00e1rio.<\/p>\n<p>O evento teve continuidade com apresenta\u00e7\u00e3o cultural do Grupo Folcl\u00f3rico Beija Flor do Sert\u00e3o e apresenta\u00e7\u00e3o do historiador Jo\u00e3o Neto F\u00e9lix sobre a iconografia santanense em fotos.<\/p>\n<p>Presente no evento, a prefeita Christiane Bulh\u00f5es falou que a realiza\u00e7\u00e3o da 2\u00aa edi\u00e7\u00e3o da FELISE \u00e9 motivo de muito orgulho dar continuidade a um evento criado na gest\u00e3o da prefeita Renilde Bulh\u00f5es valorizando a literatura e a cultura da terra.<\/p>\n<p>J\u00e1 no segundo dia a programa\u00e7\u00e3o come\u00e7ou pela manh\u00e3 com visita dos alunos das Escolas e Creches da Rede Municipal e teve continuidade ao longo do dia.<\/p>\n<p>A noite foi a vez das apresenta\u00e7\u00f5es culturais do maculel\u00ea, cordelistas, banda de p\u00edfano, repentistas e pastoril.<\/p>\n<p>Com Assessoria&nbsp;<\/p>\n<span style=\"clear:both;display:none;\"><img src=\"http:\/\/www.muricionline.com.br\/novo\/wp-content\/plugins\/wp-spamfree\/img\/wpsf-img.php\" width=\"0\" height=\"0\" alt=\"\" style=\"border-style:none;width:0px;height:0px;display:none;\" \/><\/span>","protected":false},"excerpt":{"rendered":"<p>A Prefeitura de Santana do Ipanema, por meio da Secretaria de Educa\u00e7\u00e3o, realizou a 2\u00aa Feira Liter\u00e1ria de Santana do Ipanema (FELISE). O evento aconteceu na quinta (27) e sexta-feira (28), na Pra\u00e7a Dr. Adelson Isaac de Miranda e contou com exposi\u00e7\u00f5es, lan\u00e7amento de livro e apresenta\u00e7\u00f5es. A abertura da 2\u00aa FELISE contou com apresenta\u00e7\u00e3o&#8230;<\/p>\n","protected":false},"author":1,"featured_media":0,"parent":0,"menu_order":0,"comment_status":"closed","ping_status":"closed","template":"","meta":{"footnotes":""},"_links":{"self":[{"href":"http:\/\/www.muricionline.com.br\/novo\/index.php?rest_route=\/wp\/v2\/pages\/20098"}],"collection":[{"href":"http:\/\/www.muricionline.com.br\/novo\/index.php?rest_route=\/wp\/v2\/pages"}],"about":[{"href":"http:\/\/www.muricionline.com.br\/novo\/index.php?rest_route=\/wp\/v2\/types\/page"}],"author":[{"embeddable":true,"href":"http:\/\/www.muricionline.com.br\/novo\/index.php?rest_route=\/wp\/v2\/users\/1"}],"replies":[{"embeddable":true,"href":"http:\/\/www.muricionline.com.br\/novo\/index.php?rest_route=%2Fwp%2Fv2%2Fcomments&post=20098"}],"version-history":[{"count":1,"href":"http:\/\/www.muricionline.com.br\/novo\/index.php?rest_route=\/wp\/v2\/pages\/20098\/revisions"}],"predecessor-version":[{"id":20100,"href":"http:\/\/www.muricionline.com.br\/novo\/index.php?rest_route=\/wp\/v2\/pages\/20098\/revisions\/20100"}],"wp:attachment":[{"href":"http:\/\/www.muricionline.com.br\/novo\/index.php?rest_route=%2Fwp%2Fv2%2Fmedia&parent=20098"}],"curies":[{"name":"wp","href":"https:\/\/api.w.org\/{rel}","templated":true}]}}